{"id":1616,"date":"2020-09-29T10:07:55","date_gmt":"2020-09-29T10:07:55","guid":{"rendered":"https:\/\/nbxtrucking.com\/casa\/"},"modified":"2025-01-15T00:10:33","modified_gmt":"2025-01-15T00:10:33","slug":"casa","status":"publish","type":"page","link":"https:\/\/nbxtrucking.com\/es\/","title":{"rendered":"Hogar"},"content":{"rendered":"\t\t<div data-elementor-type=\"wp-page\" data-elementor-id=\"1616\" class=\"elementor elementor-1616 elementor-15\" data-elementor-post-type=\"page\">\n\t\t\t\t\t\t<section data-dce-background-image-url=\"https:\/\/nbxtrucking.com\/app\/uploads\/2022\/08\/DSC8208-scaled.jpg\" class=\"elementor-section elementor-top-section elementor-element elementor-element-8f17e80 elementor-section-height-min-height elementor-section-items-top elementor-section-boxed elementor-section-height-default\" data-id=\"8f17e80\" data-element_type=\"section\" data-e-type=\"section\" data-settings=\"{&quot;background_background&quot;:&quot;classic&quot;}\">\n\t\t\t\t\t\t\t<div class=\"elementor-background-overlay\"><\/div>\n\t\t\t\t\t\t\t<div class=\"elementor-container elementor-column-gap-default\">\n\t\t\t\t\t<div class=\"elementor-column elementor-col-50 elementor-top-column elementor-element elementor-element-eb3556f\" data-id=\"eb3556f\" data-element_type=\"column\" data-e-type=\"column\">\n\t\t\t<div class=\"elementor-widget-wrap elementor-element-populated\">\n\t\t\t\t\t\t<div class=\"elementor-element elementor-element-f30f6ee elementor-widget elementor-widget-heading\" data-id=\"f30f6ee\" data-element_type=\"widget\" data-e-type=\"widget\" data-widget_type=\"heading.default\">\n\t\t\t\t<div class=\"elementor-widget-container\">\n\t\t\t\t\t<h2 class=\"elementor-heading-title elementor-size-default\"><br><br>Noroeste<br>Carne de vacuno expr\u00e9s<\/h2>\t\t\t\t<\/div>\n\t\t\t\t<\/div>\n\t\t\t\t<div class=\"elementor-element elementor-element-5e39c9c elementor-widget elementor-widget-text-editor\" data-id=\"5e39c9c\" data-element_type=\"widget\" data-e-type=\"widget\" data-widget_type=\"text-editor.default\">\n\t\t\t\t<div class=\"elementor-widget-container\">\n\t\t\t\t\t\t\t\t\t<p>Rodando desde 1998<\/p>\n\t\t\t\t\t\t\t\t<\/div>\n\t\t\t\t<\/div>\n\t\t\t\t\t<\/div>\n\t\t<\/div>\n\t\t\t\t<div class=\"elementor-column elementor-col-50 elementor-top-column elementor-element elementor-element-84058ba\" data-id=\"84058ba\" data-element_type=\"column\" data-e-type=\"column\">\n\t\t\t<div class=\"elementor-widget-wrap\">\n\t\t\t\t\t\t\t<\/div>\n\t\t<\/div>\n\t\t\t\t\t<\/div>\n\t\t<\/section>\n\t\t\t\t<section class=\"elementor-section elementor-top-section elementor-element elementor-element-ee5e842 elementor-section-stretched elementor-section-full_width elementor-section-height-default elementor-section-height-default\" data-id=\"ee5e842\" data-element_type=\"section\" data-e-type=\"section\" data-settings=\"{&quot;stretch_section&quot;:&quot;section-stretched&quot;}\">\n\t\t\t\t\t\t<div class=\"elementor-container elementor-column-gap-default\">\n\t\t\t\t\t<div class=\"elementor-column elementor-col-100 elementor-top-column elementor-element elementor-element-396c260\" data-id=\"396c260\" data-element_type=\"column\" data-e-type=\"column\">\n\t\t\t<div class=\"elementor-widget-wrap elementor-element-populated\">\n\t\t\t\t\t\t<section class=\"elementor-section elementor-inner-section elementor-element elementor-element-2cba7b4 elementor-section-boxed elementor-section-height-default elementor-section-height-default\" data-id=\"2cba7b4\" data-element_type=\"section\" data-e-type=\"section\" data-settings=\"{&quot;background_background&quot;:&quot;gradient&quot;}\">\n\t\t\t\t\t\t<div class=\"elementor-container elementor-column-gap-no\">\n\t\t\t\t\t<div class=\"elementor-column elementor-col-33 elementor-inner-column elementor-element elementor-element-af82ba9 elementor-hidden-phone\" data-id=\"af82ba9\" data-element_type=\"column\" data-e-type=\"column\" data-settings=\"{&quot;background_background&quot;:&quot;classic&quot;}\">\n\t\t\t<div class=\"elementor-widget-wrap elementor-element-populated\">\n\t\t\t\t\t\t<div class=\"elementor-element elementor-element-63b37e1 dce_masking-image elementor-widget elementor-widget-image\" data-id=\"63b37e1\" data-element_type=\"widget\" data-e-type=\"widget\" data-widget_type=\"image.default\">\n\t\t\t\t<div class=\"elementor-widget-container\">\n\t\t\t\t\t\t\t\t\t\t\t\t\t\t\t<img fetchpriority=\"high\" decoding=\"async\" width=\"865\" height=\"1024\" src=\"https:\/\/nbxtrucking.com\/wp-content\/uploads\/2022\/10\/DSC_0429-2-865x1024.jpeg\" class=\"attachment-large size-large wp-image-3575\" alt=\"\" srcset=\"https:\/\/nbxtrucking.com\/wp-content\/uploads\/2022\/10\/DSC_0429-2-865x1024.jpeg 865w, https:\/\/nbxtrucking.com\/wp-content\/uploads\/2022\/10\/DSC_0429-2-254x300.jpeg 254w, https:\/\/nbxtrucking.com\/wp-content\/uploads\/2022\/10\/DSC_0429-2-768x909.jpeg 768w, https:\/\/nbxtrucking.com\/wp-content\/uploads\/2022\/10\/DSC_0429-2-1298x1536.jpeg 1298w, https:\/\/nbxtrucking.com\/wp-content\/uploads\/2022\/10\/DSC_0429-2-1731x2048.jpeg 1731w\" sizes=\"(max-width: 865px) 100vw, 865px\" \/>\t\t\t\t\t\t\t\t\t\t\t\t\t\t\t<\/div>\n\t\t\t\t<\/div>\n\t\t\t\t\t<\/div>\n\t\t<\/div>\n\t\t\t\t<div class=\"elementor-column elementor-col-33 elementor-inner-column elementor-element elementor-element-bed627d\" data-id=\"bed627d\" data-element_type=\"column\" data-e-type=\"column\" data-settings=\"{&quot;background_background&quot;:&quot;classic&quot;}\">\n\t\t\t<div class=\"elementor-widget-wrap elementor-element-populated\">\n\t\t\t\t\t\t<div class=\"elementor-element elementor-element-1416633 elementor-widget elementor-widget-text-editor\" data-id=\"1416633\" data-element_type=\"widget\" data-e-type=\"widget\" data-widget_type=\"text-editor.default\">\n\t\t\t\t<div class=\"elementor-widget-container\">\n\t\t\t\t\t\t\t\t\t<p>Northwest Beef Express ha estado rodando desde 1998, transportando productos b\u00e1sicos, comederos y ganado gordo por todo el noroeste del Pac\u00edfico. Nuestra misi\u00f3n es ser el proveedor l\u00edder en transporte de calidad para ganado y productos b\u00e1sicos. Nuestras ra\u00edces siempre han estado en la agricultura y, como parte integral de la cadena de suministro, nos enorgullecemos de mantener a Estados Unidos en funcionamiento y alimentado. Hacemos negocios de la manera correcta y cuidamos de nuestros empleados, desde los conductores hasta la sala de despacho y la tienda: es un esfuerzo de equipo aqu\u00ed en NBX. \u00bfQuieres unirte al equipo? \u00a1Aplica hoy!     <\/p>\n\t\t\t\t\t\t\t\t<\/div>\n\t\t\t\t<\/div>\n\t\t\t\t\t<\/div>\n\t\t<\/div>\n\t\t\t\t<div class=\"elementor-column elementor-col-33 elementor-inner-column elementor-element elementor-element-1b42c1d\" data-id=\"1b42c1d\" data-element_type=\"column\" data-e-type=\"column\" data-settings=\"{&quot;background_background&quot;:&quot;classic&quot;}\">\n\t\t\t<div class=\"elementor-widget-wrap elementor-element-populated\">\n\t\t\t\t\t\t<div class=\"elementor-element elementor-element-c148f4a elementor-widget elementor-widget-heading\" data-id=\"c148f4a\" data-element_type=\"widget\" data-e-type=\"widget\" data-widget_type=\"heading.default\">\n\t\t\t\t<div class=\"elementor-widget-container\">\n\t\t\t\t\t<h3 class=\"elementor-heading-title elementor-size-large\">\u00bfInteresado en un <br>carrera con NBX?<\/h3>\t\t\t\t<\/div>\n\t\t\t\t<\/div>\n\t\t\t\t<div class=\"elementor-element elementor-element-6e0851a elementor-align-center elementor-widget elementor-widget-button\" data-id=\"6e0851a\" data-element_type=\"widget\" data-e-type=\"widget\" data-widget_type=\"button.default\">\n\t\t\t\t<div class=\"elementor-widget-container\">\n\t\t\t\t\t\t\t\t\t<div class=\"elementor-button-wrapper\">\n\t\t\t\t\t<a class=\"elementor-button elementor-size-md\" role=\"button\">\n\t\t\t\t\t\t<span class=\"elementor-button-content-wrapper\">\n\t\t\t\t\t\t\t\t\t<span class=\"elementor-button-text\">1) Llame ahora al 541-289-7203<\/span>\n\t\t\t\t\t<\/span>\n\t\t\t\t\t<\/a>\n\t\t\t\t<\/div>\n\t\t\t\t\t\t\t\t<\/div>\n\t\t\t\t<\/div>\n\t\t\t\t<div class=\"elementor-element elementor-element-1ba2b73 elementor-align-center elementor-widget elementor-widget-button\" data-id=\"1ba2b73\" data-element_type=\"widget\" data-e-type=\"widget\" data-widget_type=\"button.default\">\n\t\t\t\t<div class=\"elementor-widget-container\">\n\t\t\t\t\t\t\t\t\t<div class=\"elementor-button-wrapper\">\n\t\t\t\t\t<a class=\"elementor-button elementor-button-link elementor-size-md\" href=\"https:\/\/intelliapp.driverapponline.com\/c\/nbx?uri_b=ia_nbx_905064314\">\n\t\t\t\t\t\t<span class=\"elementor-button-content-wrapper\">\n\t\t\t\t\t\t\t\t\t<span class=\"elementor-button-text\">2) Aplicaci\u00f3n del controlador<\/span>\n\t\t\t\t\t<\/span>\n\t\t\t\t\t<\/a>\n\t\t\t\t<\/div>\n\t\t\t\t\t\t\t\t<\/div>\n\t\t\t\t<\/div>\n\t\t\t\t<div class=\"elementor-element elementor-element-c76a4ff elementor-align-center elementor-widget elementor-widget-button\" data-id=\"c76a4ff\" data-element_type=\"widget\" data-e-type=\"widget\" data-widget_type=\"button.default\">\n\t\t\t\t<div class=\"elementor-widget-container\">\n\t\t\t\t\t\t\t\t\t<div class=\"elementor-button-wrapper\">\n\t\t\t\t\t<a class=\"elementor-button elementor-button-link elementor-size-md\" href=\"https:\/\/recruiting.paylocity.com\/recruiting\/jobs\/All\/6df73447-892f-4f02-8f0e-866c0e3ad0e9\/Northwest-Beef-Express-LLC\">\n\t\t\t\t\t\t<span class=\"elementor-button-content-wrapper\">\n\t\t\t\t\t\t\t\t\t<span class=\"elementor-button-text\">3) Oportunidades de trabajo en NBX<\/span>\n\t\t\t\t\t<\/span>\n\t\t\t\t\t<\/a>\n\t\t\t\t<\/div>\n\t\t\t\t\t\t\t\t<\/div>\n\t\t\t\t<\/div>\n\t\t\t\t\t<\/div>\n\t\t<\/div>\n\t\t\t\t\t<\/div>\n\t\t<\/section>\n\t\t\t\t\t<\/div>\n\t\t<\/div>\n\t\t\t\t\t<\/div>\n\t\t<\/section>\n\t\t\t\t<section data-dce-background-image-url=\"https:\/\/nbxtrucking.com\/app\/uploads\/2022\/04\/McFarland-Productions-Beef-Northwest-NBX-31.jpg\" class=\"elementor-section elementor-top-section elementor-element elementor-element-fc79462 elementor-section-boxed elementor-section-height-default elementor-section-height-default\" data-id=\"fc79462\" data-element_type=\"section\" data-e-type=\"section\" data-settings=\"{&quot;background_background&quot;:&quot;classic&quot;}\">\n\t\t\t\t\t\t<div class=\"elementor-container elementor-column-gap-default\">\n\t\t\t\t\t<div class=\"elementor-column elementor-col-50 elementor-top-column elementor-element elementor-element-4d29e23 elementor-hidden-tablet\" data-id=\"4d29e23\" data-element_type=\"column\" data-e-type=\"column\">\n\t\t\t<div class=\"elementor-widget-wrap\">\n\t\t\t\t\t\t\t<\/div>\n\t\t<\/div>\n\t\t\t\t<div data-dce-background-color=\"#3D3C3E94\" data-dce-background-overlay-color=\"#282827\" class=\"elementor-column elementor-col-50 elementor-top-column elementor-element elementor-element-65477d2\" data-id=\"65477d2\" data-element_type=\"column\" data-e-type=\"column\" data-settings=\"{&quot;background_background&quot;:&quot;classic&quot;}\">\n\t\t\t<div class=\"elementor-widget-wrap elementor-element-populated\">\n\t\t\t\t\t<div class=\"elementor-background-overlay\"><\/div>\n\t\t\t\t\t\t<section class=\"elementor-section elementor-inner-section elementor-element elementor-element-5a887fc elementor-section-content-top elementor-section-boxed elementor-section-height-default elementor-section-height-default\" data-id=\"5a887fc\" data-element_type=\"section\" data-e-type=\"section\">\n\t\t\t\t\t\t<div class=\"elementor-container elementor-column-gap-no\">\n\t\t\t\t\t<div class=\"elementor-column elementor-col-100 elementor-inner-column elementor-element elementor-element-f2f08c4\" data-id=\"f2f08c4\" data-element_type=\"column\" data-e-type=\"column\">\n\t\t\t<div class=\"elementor-widget-wrap elementor-element-populated\">\n\t\t\t\t\t\t<div class=\"elementor-element elementor-element-82c4395 elementor-widget elementor-widget-heading\" data-id=\"82c4395\" data-element_type=\"widget\" data-e-type=\"widget\" data-widget_type=\"heading.default\">\n\t\t\t\t<div class=\"elementor-widget-container\">\n\t\t\t\t\t<h2 class=\"elementor-heading-title elementor-size-default\">\u00a1Rueda con los mejores!<\/h2>\t\t\t\t<\/div>\n\t\t\t\t<\/div>\n\t\t\t\t\t<\/div>\n\t\t<\/div>\n\t\t\t\t\t<\/div>\n\t\t<\/section>\n\t\t\t\t<div class=\"elementor-element elementor-element-1117a4d elementor-widget elementor-widget-text-editor\" data-id=\"1117a4d\" data-element_type=\"widget\" data-e-type=\"widget\" data-widget_type=\"text-editor.default\">\n\t\t\t\t<div class=\"elementor-widget-container\">\n\t\t\t\t\t\t\t\t\t<p class=\"font_8\">Ofrecemos salarios competitivos, un ambiente divertido y orientado a la familia, capacitaci\u00f3n en el trabajo, potencial de crecimiento y seguro de salud, dental y de la vista.<\/p>\n\t\t\t\t\t\t\t\t<\/div>\n\t\t\t\t<\/div>\n\t\t\t\t\t<\/div>\n\t\t<\/div>\n\t\t\t\t\t<\/div>\n\t\t<\/section>\n\t\t\t\t<section data-dce-background-color=\"#FFFFFF\" data-dce-background-image-url=\"https:\/\/nbxtrucking.com\/app\/uploads\/2022\/10\/DSC7149-scaled.jpg\" class=\"elementor-section elementor-top-section elementor-element elementor-element-3760298 elementor-section-stretched elementor-section-height-min-height elementor-section-items-top elementor-section-content-top elementor-section-boxed elementor-section-height-default\" data-id=\"3760298\" data-element_type=\"section\" data-e-type=\"section\" data-settings=\"{&quot;stretch_section&quot;:&quot;section-stretched&quot;,&quot;background_background&quot;:&quot;classic&quot;}\">\n\t\t\t\t\t\t\t<div class=\"elementor-background-overlay\"><\/div>\n\t\t\t\t\t\t\t<div class=\"elementor-container elementor-column-gap-default\">\n\t\t\t\t\t<div class=\"elementor-column elementor-col-100 elementor-top-column elementor-element elementor-element-5db1975\" data-id=\"5db1975\" data-element_type=\"column\" data-e-type=\"column\" data-settings=\"{&quot;background_background&quot;:&quot;gradient&quot;}\">\n\t\t\t<div class=\"elementor-widget-wrap elementor-element-populated\">\n\t\t\t\t\t\t<div class=\"elementor-element elementor-element-9578633 elementor-view-default elementor-widget elementor-widget-icon\" data-id=\"9578633\" data-element_type=\"widget\" data-e-type=\"widget\" data-widget_type=\"icon.default\">\n\t\t\t\t<div class=\"elementor-widget-container\">\n\t\t\t\t\t\t\t<div class=\"elementor-icon-wrapper\">\n\t\t\t<div class=\"elementor-icon\">\n\t\t\t<i aria-hidden=\"true\" class=\"fas fa-quote-right\"><\/i>\t\t\t<\/div>\n\t\t<\/div>\n\t\t\t\t\t\t<\/div>\n\t\t\t\t<\/div>\n\t\t\t\t<div class=\"elementor-element elementor-element-b8b922b elementor-widget elementor-widget-heading\" data-id=\"b8b922b\" data-element_type=\"widget\" data-e-type=\"widget\" data-widget_type=\"heading.default\">\n\t\t\t\t<div class=\"elementor-widget-container\">\n\t\t\t\t\t<span class=\"elementor-heading-title elementor-size-large\">Eso es lo bueno de NBX, hacemos mucho local.<\/span>\t\t\t\t<\/div>\n\t\t\t\t<\/div>\n\t\t\t\t\t<\/div>\n\t\t<\/div>\n\t\t\t\t\t<\/div>\n\t\t<\/section>\n\t\t\t\t<\/div>\n\t\t","protected":false},"excerpt":{"rendered":"<p>NoroesteCarne de vacuno expr\u00e9s Rodando desde 1998 Northwest Beef Express ha estado rodando desde 1998, transportando productos b\u00e1sicos, comederos y ganado gordo por todo el noroeste del Pac\u00edfico. Nuestra misi\u00f3n es ser el proveedor l\u00edder en transporte de calidad para ganado y productos b\u00e1sicos. Nuestras ra\u00edces siempre han estado en la agricultura y, como parte [&hellip;]<\/p>\n","protected":false},"author":6,"featured_media":0,"parent":0,"menu_order":0,"comment_status":"closed","ping_status":"closed","template":"elementor_header_footer","meta":{"_monsterinsights_skip_tracking":false,"_monsterinsights_sitenote_active":false,"_monsterinsights_sitenote_note":"","_monsterinsights_sitenote_category":0,"site-sidebar-layout":"no-sidebar","site-content-layout":"page-builder","ast-site-content-layout":"default","site-content-style":"default","site-sidebar-style":"default","ast-global-header-display":"","ast-banner-title-visibility":"","ast-main-header-display":"","ast-hfb-above-header-display":"","ast-hfb-below-header-display":"","ast-hfb-mobile-header-display":"","site-post-title":"disabled","ast-breadcrumbs-content":"","ast-featured-img":"disabled","footer-sml-layout":"","ast-disable-related-posts":"","theme-transparent-header-meta":"default","adv-header-id-meta":"","stick-header-meta":"","header-above-stick-meta":"","header-main-stick-meta":"","header-below-stick-meta":"","astra-migrate-meta-layouts":"default","ast-page-background-enabled":"default","ast-page-background-meta":{"desktop":{"background-color":"","background-image":"","background-repeat":"repeat","background-position":"center center","background-size":"auto","background-attachment":"scroll","background-type":"","background-media":"","overlay-type":"","overlay-color":"","overlay-opacity":"","overlay-gradient":""},"tablet":{"background-color":"","background-image":"","background-repeat":"repeat","background-position":"center center","background-size":"auto","background-attachment":"scroll","background-type":"","background-media":"","overlay-type":"","overlay-color":"","overlay-opacity":"","overlay-gradient":""},"mobile":{"background-color":"","background-image":"","background-repeat":"repeat","background-position":"center center","background-size":"auto","background-attachment":"scroll","background-type":"","background-media":"","overlay-type":"","overlay-color":"","overlay-opacity":"","overlay-gradient":""}},"ast-content-background-meta":{"desktop":{"background-color":"var(--ast-global-color-5)","background-image":"","background-repeat":"repeat","background-position":"center center","background-size":"auto","background-attachment":"scroll","background-type":"","background-media":"","overlay-type":"","overlay-color":"","overlay-opacity":"","overlay-gradient":""},"tablet":{"background-color":"var(--ast-global-color-5)","background-image":"","background-repeat":"repeat","background-position":"center center","background-size":"auto","background-attachment":"scroll","background-type":"","background-media":"","overlay-type":"","overlay-color":"","overlay-opacity":"","overlay-gradient":""},"mobile":{"background-color":"var(--ast-global-color-5)","background-image":"","background-repeat":"repeat","background-position":"center center","background-size":"auto","background-attachment":"scroll","background-type":"","background-media":"","overlay-type":"","overlay-color":"","overlay-opacity":"","overlay-gradient":""}},"footnotes":""},"class_list":["post-1616","page","type-page","status-publish","hentry"],"yoast_head":"<!-- This site is optimized with the Yoast SEO plugin v27.4 - https:\/\/yoast.com\/product\/yoast-seo-wordpress\/ -->\n<title>Hogar - Beef Northwest<\/title>\n<meta name=\"robots\" content=\"index, follow, max-snippet:-1, max-image-preview:large, max-video-preview:-1\" \/>\n<link rel=\"canonical\" href=\"https:\/\/nbxtrucking.com\/es\/casa\/\" \/>\n<meta property=\"og:locale\" content=\"es_ES\" \/>\n<meta property=\"og:type\" content=\"article\" \/>\n<meta property=\"og:title\" content=\"Hogar - Beef Northwest\" \/>\n<meta property=\"og:description\" content=\"NoroesteCarne de vacuno expr\u00e9s Rodando desde 1998 Northwest Beef Express ha estado rodando desde 1998, transportando productos b\u00e1sicos, comederos y ganado gordo por todo el noroeste del Pac\u00edfico. Nuestra misi\u00f3n es ser el proveedor l\u00edder en transporte de calidad para ganado y productos b\u00e1sicos. Nuestras ra\u00edces siempre han estado en la agricultura y, como parte [&hellip;]\" \/>\n<meta property=\"og:url\" content=\"https:\/\/nbxtrucking.com\/es\/casa\/\" \/>\n<meta property=\"og:site_name\" content=\"Beef Northwest\" \/>\n<meta property=\"article:modified_time\" content=\"2025-01-15T00:10:33+00:00\" \/>\n<meta property=\"og:image\" content=\"https:\/\/nbxtrucking.com\/wp-content\/uploads\/2022\/10\/DSC_0429-2-scaled.jpeg\" \/>\n\t<meta property=\"og:image:width\" content=\"2164\" \/>\n\t<meta property=\"og:image:height\" content=\"2560\" \/>\n\t<meta property=\"og:image:type\" content=\"image\/jpeg\" \/>\n<meta name=\"twitter:card\" content=\"summary_large_image\" \/>\n<meta name=\"twitter:label1\" content=\"Est. reading time\" \/>\n\t<meta name=\"twitter:data1\" content=\"1 minute\" \/>\n<script type=\"application\/ld+json\" class=\"yoast-schema-graph\">{\"@context\":\"https:\\\/\\\/schema.org\",\"@graph\":[{\"@type\":\"WebPage\",\"@id\":\"https:\\\/\\\/nbxtrucking.com\\\/es\\\/casa\\\/\",\"url\":\"https:\\\/\\\/nbxtrucking.com\\\/es\\\/casa\\\/\",\"name\":\"Hogar - Beef Northwest\",\"isPartOf\":{\"@id\":\"https:\\\/\\\/nbxtrucking.com\\\/#website\"},\"primaryImageOfPage\":{\"@id\":\"https:\\\/\\\/nbxtrucking.com\\\/es\\\/casa\\\/#primaryimage\"},\"image\":{\"@id\":\"https:\\\/\\\/nbxtrucking.com\\\/es\\\/casa\\\/#primaryimage\"},\"thumbnailUrl\":\"https:\\\/\\\/nbxtrucking.com\\\/wp-content\\\/uploads\\\/2022\\\/10\\\/DSC_0429-2-865x1024.jpeg\",\"datePublished\":\"2020-09-29T10:07:55+00:00\",\"dateModified\":\"2025-01-15T00:10:33+00:00\",\"breadcrumb\":{\"@id\":\"https:\\\/\\\/nbxtrucking.com\\\/es\\\/casa\\\/#breadcrumb\"},\"inLanguage\":\"es-ES\",\"potentialAction\":[{\"@type\":\"ReadAction\",\"target\":[\"https:\\\/\\\/nbxtrucking.com\\\/es\\\/casa\\\/\"]}]},{\"@type\":\"ImageObject\",\"inLanguage\":\"es-ES\",\"@id\":\"https:\\\/\\\/nbxtrucking.com\\\/es\\\/casa\\\/#primaryimage\",\"url\":\"https:\\\/\\\/nbxtrucking.com\\\/wp-content\\\/uploads\\\/2022\\\/10\\\/DSC_0429-2-865x1024.jpeg\",\"contentUrl\":\"https:\\\/\\\/nbxtrucking.com\\\/wp-content\\\/uploads\\\/2022\\\/10\\\/DSC_0429-2-865x1024.jpeg\"},{\"@type\":\"BreadcrumbList\",\"@id\":\"https:\\\/\\\/nbxtrucking.com\\\/es\\\/casa\\\/#breadcrumb\",\"itemListElement\":[{\"@type\":\"ListItem\",\"position\":1,\"name\":\"Home\",\"item\":\"https:\\\/\\\/nbxtrucking.com\\\/es\\\/casa\\\/\"},{\"@type\":\"ListItem\",\"position\":2,\"name\":\"Hogar\"}]},{\"@type\":\"WebSite\",\"@id\":\"https:\\\/\\\/nbxtrucking.com\\\/#website\",\"url\":\"https:\\\/\\\/nbxtrucking.com\\\/\",\"name\":\"Beef Northwest\",\"description\":\"\",\"publisher\":{\"@id\":\"https:\\\/\\\/nbxtrucking.com\\\/#organization\"},\"potentialAction\":[{\"@type\":\"SearchAction\",\"target\":{\"@type\":\"EntryPoint\",\"urlTemplate\":\"https:\\\/\\\/nbxtrucking.com\\\/?s={search_term_string}\"},\"query-input\":{\"@type\":\"PropertyValueSpecification\",\"valueRequired\":true,\"valueName\":\"search_term_string\"}}],\"inLanguage\":\"es-ES\"},{\"@type\":\"Organization\",\"@id\":\"https:\\\/\\\/nbxtrucking.com\\\/#organization\",\"name\":\"Beef Northwest Feeders\",\"url\":\"https:\\\/\\\/nbxtrucking.com\\\/\",\"logo\":{\"@type\":\"ImageObject\",\"inLanguage\":\"es-ES\",\"@id\":\"https:\\\/\\\/nbxtrucking.com\\\/#\\\/schema\\\/logo\\\/image\\\/\",\"url\":\"https:\\\/\\\/nbxtrucking.com\\\/wp-content\\\/uploads\\\/2020\\\/07\\\/Beef-Northwest-Feeders-Logo-Horizontal-Version.png\",\"contentUrl\":\"https:\\\/\\\/nbxtrucking.com\\\/wp-content\\\/uploads\\\/2020\\\/07\\\/Beef-Northwest-Feeders-Logo-Horizontal-Version.png\",\"width\":864,\"height\":239,\"caption\":\"Beef Northwest Feeders\"},\"image\":{\"@id\":\"https:\\\/\\\/nbxtrucking.com\\\/#\\\/schema\\\/logo\\\/image\\\/\"}}]}<\/script>\n<!-- \/ Yoast SEO plugin. -->","yoast_head_json":{"title":"Hogar - Beef Northwest","robots":{"index":"index","follow":"follow","max-snippet":"max-snippet:-1","max-image-preview":"max-image-preview:large","max-video-preview":"max-video-preview:-1"},"canonical":"https:\/\/nbxtrucking.com\/es\/casa\/","og_locale":"es_ES","og_type":"article","og_title":"Hogar - Beef Northwest","og_description":"NoroesteCarne de vacuno expr\u00e9s Rodando desde 1998 Northwest Beef Express ha estado rodando desde 1998, transportando productos b\u00e1sicos, comederos y ganado gordo por todo el noroeste del Pac\u00edfico. Nuestra misi\u00f3n es ser el proveedor l\u00edder en transporte de calidad para ganado y productos b\u00e1sicos. Nuestras ra\u00edces siempre han estado en la agricultura y, como parte [&hellip;]","og_url":"https:\/\/nbxtrucking.com\/es\/casa\/","og_site_name":"Beef Northwest","article_modified_time":"2025-01-15T00:10:33+00:00","og_image":[{"width":2164,"height":2560,"url":"https:\/\/nbxtrucking.com\/wp-content\/uploads\/2022\/10\/DSC_0429-2-scaled.jpeg","type":"image\/jpeg"}],"twitter_card":"summary_large_image","twitter_misc":{"Est. reading time":"1 minute"},"schema":{"@context":"https:\/\/schema.org","@graph":[{"@type":"WebPage","@id":"https:\/\/nbxtrucking.com\/es\/casa\/","url":"https:\/\/nbxtrucking.com\/es\/casa\/","name":"Hogar - Beef Northwest","isPartOf":{"@id":"https:\/\/nbxtrucking.com\/#website"},"primaryImageOfPage":{"@id":"https:\/\/nbxtrucking.com\/es\/casa\/#primaryimage"},"image":{"@id":"https:\/\/nbxtrucking.com\/es\/casa\/#primaryimage"},"thumbnailUrl":"https:\/\/nbxtrucking.com\/wp-content\/uploads\/2022\/10\/DSC_0429-2-865x1024.jpeg","datePublished":"2020-09-29T10:07:55+00:00","dateModified":"2025-01-15T00:10:33+00:00","breadcrumb":{"@id":"https:\/\/nbxtrucking.com\/es\/casa\/#breadcrumb"},"inLanguage":"es-ES","potentialAction":[{"@type":"ReadAction","target":["https:\/\/nbxtrucking.com\/es\/casa\/"]}]},{"@type":"ImageObject","inLanguage":"es-ES","@id":"https:\/\/nbxtrucking.com\/es\/casa\/#primaryimage","url":"https:\/\/nbxtrucking.com\/wp-content\/uploads\/2022\/10\/DSC_0429-2-865x1024.jpeg","contentUrl":"https:\/\/nbxtrucking.com\/wp-content\/uploads\/2022\/10\/DSC_0429-2-865x1024.jpeg"},{"@type":"BreadcrumbList","@id":"https:\/\/nbxtrucking.com\/es\/casa\/#breadcrumb","itemListElement":[{"@type":"ListItem","position":1,"name":"Home","item":"https:\/\/nbxtrucking.com\/es\/casa\/"},{"@type":"ListItem","position":2,"name":"Hogar"}]},{"@type":"WebSite","@id":"https:\/\/nbxtrucking.com\/#website","url":"https:\/\/nbxtrucking.com\/","name":"Beef Northwest","description":"","publisher":{"@id":"https:\/\/nbxtrucking.com\/#organization"},"potentialAction":[{"@type":"SearchAction","target":{"@type":"EntryPoint","urlTemplate":"https:\/\/nbxtrucking.com\/?s={search_term_string}"},"query-input":{"@type":"PropertyValueSpecification","valueRequired":true,"valueName":"search_term_string"}}],"inLanguage":"es-ES"},{"@type":"Organization","@id":"https:\/\/nbxtrucking.com\/#organization","name":"Beef Northwest Feeders","url":"https:\/\/nbxtrucking.com\/","logo":{"@type":"ImageObject","inLanguage":"es-ES","@id":"https:\/\/nbxtrucking.com\/#\/schema\/logo\/image\/","url":"https:\/\/nbxtrucking.com\/wp-content\/uploads\/2020\/07\/Beef-Northwest-Feeders-Logo-Horizontal-Version.png","contentUrl":"https:\/\/nbxtrucking.com\/wp-content\/uploads\/2020\/07\/Beef-Northwest-Feeders-Logo-Horizontal-Version.png","width":864,"height":239,"caption":"Beef Northwest Feeders"},"image":{"@id":"https:\/\/nbxtrucking.com\/#\/schema\/logo\/image\/"}}]}},"_links":{"self":[{"href":"https:\/\/nbxtrucking.com\/es\/wp-json\/wp\/v2\/pages\/1616","targetHints":{"allow":["GET"]}}],"collection":[{"href":"https:\/\/nbxtrucking.com\/es\/wp-json\/wp\/v2\/pages"}],"about":[{"href":"https:\/\/nbxtrucking.com\/es\/wp-json\/wp\/v2\/types\/page"}],"author":[{"embeddable":true,"href":"https:\/\/nbxtrucking.com\/es\/wp-json\/wp\/v2\/users\/6"}],"replies":[{"embeddable":true,"href":"https:\/\/nbxtrucking.com\/es\/wp-json\/wp\/v2\/comments?post=1616"}],"version-history":[{"count":0,"href":"https:\/\/nbxtrucking.com\/es\/wp-json\/wp\/v2\/pages\/1616\/revisions"}],"wp:attachment":[{"href":"https:\/\/nbxtrucking.com\/es\/wp-json\/wp\/v2\/media?parent=1616"}],"curies":[{"name":"wp","href":"https:\/\/api.w.org\/{rel}","templated":true}]}}